{"id":8108,"date":"2024-01-29T11:33:20","date_gmt":"2024-01-29T10:33:20","guid":{"rendered":"https:\/\/www.linzag-sport.at\/sportkegeln-multisite\/?page_id=8108"},"modified":"2026-04-29T09:48:28","modified_gmt":"2026-04-29T07:48:28","slug":"sportkegeln","status":"publish","type":"page","link":"https:\/\/www.linzag-sport.at\/sportkegeln\/","title":{"rendered":"Sektion Sportkegeln"},"content":{"rendered":"\t\t<div data-elementor-type=\"wp-page\" data-elementor-id=\"8108\" class=\"elementor elementor-8108\" data-elementor-post-type=\"page\">\n\t\t\t\t\t\t<section class=\"qodef-parallax-row-holder elementor-section elementor-top-section elementor-element elementor-element-d5b2f0a qodef-parallax-row-holder elementor-section-boxed elementor-section-height-default elementor-section-height-default qodef-content-aligment-left qodef-elementor-row-grid-no qodef-disabled-bg-image-bellow-no\" data-parallax-bg-speed=\"1\" data-parallax-bg-image=\"https:\/\/www.linzag-sport.at\/sportkegeln\/wp-content\/uploads\/sites\/12\/2025\/05\/h2-parallax-2.webp\" data-parallax-bg-height=\"0\" data-id=\"d5b2f0a\" data-element_type=\"section\" id=\"AUFNAHMETERMIN\" data-settings=\"{&quot;select_parallax_image&quot;:{&quot;url&quot;:&quot;https:\\\/\\\/www.linzag-sport.at\\\/sportkegeln\\\/wp-content\\\/uploads\\\/sites\\\/12\\\/2025\\\/05\\\/h2-parallax-2.webp&quot;,&quot;id&quot;:&quot;20175&quot;,&quot;size&quot;:&quot;&quot;,&quot;alt&quot;:&quot;&quot;,&quot;source&quot;:&quot;library&quot;}}\">\n\t\t\t\t\t\t<div class=\"elementor-container elementor-column-gap-default\">\n\t\t\t\t\t<div class=\"elementor-column elementor-col-100 elementor-top-column elementor-element elementor-element-b6731e9\" data-id=\"b6731e9\" data-element_type=\"column\">\n\t\t\t<div class=\"elementor-widget-wrap elementor-element-populated\">\n\t\t\t\t\t\t<section class=\"elementor-section elementor-inner-section elementor-element elementor-element-782d7f0 qodef-elementor-row-grid-section main-content-sec elementor-section-boxed elementor-section-height-default elementor-section-height-default qodef-parallax-row-no qodef-content-aligment-left qodef-disabled-bg-image-bellow-no\" data-id=\"782d7f0\" data-element_type=\"section\">\n\t\t\t\t\t\t<div class=\"elementor-container elementor-column-gap-default\">\n\t\t\t\t\t<div class=\"elementor-column elementor-col-50 elementor-inner-column elementor-element elementor-element-9d270c5 info common-sidebar\" data-id=\"9d270c5\" data-element_type=\"column\" data-settings=\"{&quot;background_background&quot;:&quot;classic&quot;}\">\n\t\t\t<div class=\"elementor-widget-wrap elementor-element-populated\">\n\t\t\t\t<div class=\"elementor-element elementor-element-0c774bd e-flex e-con-boxed e-con e-parent\" data-id=\"0c774bd\" data-element_type=\"container\">\n\t\t\t\t\t<div class=\"e-con-inner\">\n\t\t\t\t<div class=\"elementor-element elementor-element-fba82ed elementor-widget elementor-widget-qodef_section_title\" data-id=\"fba82ed\" data-element_type=\"widget\" data-widget_type=\"qodef_section_title.default\">\n\t\t\t\t<div class=\"elementor-widget-container\">\n\t\t\t\t\t<div class=\"qodef-section-title-holder   \" >\n\t<div class=\"qodef-st-inner\">\n\t\t\t\t\t<h3 class=\"qodef-st-title\" >\n\t\t\t\tMen\u00fc\t\t\t<\/h3>\n\t\t        \t\t\t<\/div>\n<\/div>\t\t\t\t<\/div>\n\t\t\t\t<\/div>\n\t\t\t\t<div class=\"elementor-element elementor-element-5704c54 elementor-nav-menu--dropdown-tablet elementor-nav-menu__text-align-aside elementor-nav-menu--toggle elementor-nav-menu--burger elementor-widget elementor-widget-nav-menu\" data-id=\"5704c54\" data-element_type=\"widget\" data-settings=\"{&quot;layout&quot;:&quot;vertical&quot;,&quot;submenu_icon&quot;:{&quot;value&quot;:&quot;&lt;svg class=\\&quot;e-font-icon-svg e-fas-caret-down\\&quot; viewBox=\\&quot;0 0 320 512\\&quot; xmlns=\\&quot;http:\\\/\\\/www.w3.org\\\/2000\\\/svg\\&quot;&gt;&lt;path d=\\&quot;M31.3 192h257.3c17.8 0 26.7 21.5 14.1 34.1L174.1 354.8c-7.8 7.8-20.5 7.8-28.3 0L17.2 226.1C4.6 213.5 13.5 192 31.3 192z\\&quot;&gt;&lt;\\\/path&gt;&lt;\\\/svg&gt;&quot;,&quot;library&quot;:&quot;fa-solid&quot;},&quot;toggle&quot;:&quot;burger&quot;}\" data-widget_type=\"nav-menu.default\">\n\t\t\t\t<div class=\"elementor-widget-container\">\n\t\t\t\t\t\t\t\t<nav aria-label=\"Men\u00fc\" class=\"elementor-nav-menu--main elementor-nav-menu__container elementor-nav-menu--layout-vertical e--pointer-underline e--animation-fade\">\n\t\t\t\t<ul id=\"menu-1-5704c54\" class=\"elementor-nav-menu sm-vertical\"><li class=\"menu-item menu-item-type-post_type menu-item-object-page menu-item-home menu-item-15503\"><a href=\"https:\/\/www.linzag-sport.at\/sportkegeln\/\" class=\"elementor-item\">Startseite<\/a><\/li>\n<li class=\"menu-item menu-item-type-post_type menu-item-object-page menu-item-has-children menu-item-15502\"><a href=\"https:\/\/www.linzag-sport.at\/sportkegeln\/sportkegeln-mannschaften\/\" class=\"elementor-item\">Mannschaften<\/a>\n<ul class=\"sub-menu elementor-nav-menu--dropdown\">\n\t<li class=\"menu-item menu-item-type-post_type menu-item-object-page menu-item-15552\"><a href=\"https:\/\/www.linzag-sport.at\/sportkegeln\/damen\/\" class=\"elementor-sub-item\">Damen<\/a><\/li>\n\t<li class=\"menu-item menu-item-type-post_type menu-item-object-page menu-item-15551\"><a href=\"https:\/\/www.linzag-sport.at\/sportkegeln\/herren\/\" class=\"elementor-sub-item\">Herren<\/a><\/li>\n\t<li class=\"menu-item menu-item-type-post_type menu-item-object-page menu-item-15550\"><a href=\"https:\/\/www.linzag-sport.at\/sportkegeln\/freie-liga\/\" class=\"elementor-sub-item\">Freie Liga<\/a><\/li>\n<\/ul>\n<\/li>\n<\/ul>\t\t\t<\/nav>\n\t\t\t\t\t<div class=\"elementor-menu-toggle\" role=\"button\" tabindex=\"0\" aria-label=\"Men\u00fc Umschalter\" aria-expanded=\"false\">\n\t\t\t<svg aria-hidden=\"true\" role=\"presentation\" class=\"elementor-menu-toggle__icon--open e-font-icon-svg e-eicon-menu-bar\" viewBox=\"0 0 1000 1000\" xmlns=\"http:\/\/www.w3.org\/2000\/svg\"><path d=\"M104 333H896C929 333 958 304 958 271S929 208 896 208H104C71 208 42 237 42 271S71 333 104 333ZM104 583H896C929 583 958 554 958 521S929 458 896 458H104C71 458 42 487 42 521S71 583 104 583ZM104 833H896C929 833 958 804 958 771S929 708 896 708H104C71 708 42 737 42 771S71 833 104 833Z\"><\/path><\/svg><svg aria-hidden=\"true\" role=\"presentation\" class=\"elementor-menu-toggle__icon--close e-font-icon-svg e-eicon-close\" viewBox=\"0 0 1000 1000\" xmlns=\"http:\/\/www.w3.org\/2000\/svg\"><path d=\"M742 167L500 408 258 167C246 154 233 150 217 150 196 150 179 158 167 167 154 179 150 196 150 212 150 229 154 242 171 254L408 500 167 742C138 771 138 800 167 829 196 858 225 858 254 829L496 587 738 829C750 842 767 846 783 846 800 846 817 842 829 829 842 817 846 804 846 783 846 767 842 750 829 737L588 500 833 258C863 229 863 200 833 171 804 137 775 137 742 167Z\"><\/path><\/svg>\t\t<\/div>\n\t\t\t\t\t<nav class=\"elementor-nav-menu--dropdown elementor-nav-menu__container\" aria-hidden=\"true\">\n\t\t\t\t<ul id=\"menu-2-5704c54\" class=\"elementor-nav-menu sm-vertical\"><li class=\"menu-item menu-item-type-post_type menu-item-object-page menu-item-home menu-item-15503\"><a href=\"https:\/\/www.linzag-sport.at\/sportkegeln\/\" class=\"elementor-item\" tabindex=\"-1\">Startseite<\/a><\/li>\n<li class=\"menu-item menu-item-type-post_type menu-item-object-page menu-item-has-children menu-item-15502\"><a href=\"https:\/\/www.linzag-sport.at\/sportkegeln\/sportkegeln-mannschaften\/\" class=\"elementor-item\" tabindex=\"-1\">Mannschaften<\/a>\n<ul class=\"sub-menu elementor-nav-menu--dropdown\">\n\t<li class=\"menu-item menu-item-type-post_type menu-item-object-page menu-item-15552\"><a href=\"https:\/\/www.linzag-sport.at\/sportkegeln\/damen\/\" class=\"elementor-sub-item\" tabindex=\"-1\">Damen<\/a><\/li>\n\t<li class=\"menu-item menu-item-type-post_type menu-item-object-page menu-item-15551\"><a href=\"https:\/\/www.linzag-sport.at\/sportkegeln\/herren\/\" class=\"elementor-sub-item\" tabindex=\"-1\">Herren<\/a><\/li>\n\t<li class=\"menu-item menu-item-type-post_type menu-item-object-page menu-item-15550\"><a href=\"https:\/\/www.linzag-sport.at\/sportkegeln\/freie-liga\/\" class=\"elementor-sub-item\" tabindex=\"-1\">Freie Liga<\/a><\/li>\n<\/ul>\n<\/li>\n<\/ul>\t\t\t<\/nav>\n\t\t\t\t\t\t<\/div>\n\t\t\t\t<\/div>\n\t\t\t\t\t<\/div>\n\t\t\t\t<\/div>\n\t\t<div class=\"elementor-element elementor-element-d880eae info elementor-hidden-tablet elementor-hidden-mobile e-flex e-con-boxed e-con e-parent\" data-id=\"d880eae\" data-element_type=\"container\" data-settings=\"{&quot;background_background&quot;:&quot;classic&quot;}\">\n\t\t\t\t\t<div class=\"e-con-inner\">\n\t\t\t\t<div class=\"elementor-element elementor-element-e4b1aed elementor-widget elementor-widget-text-editor\" data-id=\"e4b1aed\" data-element_type=\"widget\" data-widget_type=\"text-editor.default\">\n\t\t\t\t<div class=\"elementor-widget-container\">\n\t\t\t\t\t\t\t\t\t<h4><strong style=\"color: white\">Sektionsleiter:<\/strong><\/h4><p>Wolfgang Bachler<br \/><strong>Tel:<\/strong> <a href=\"tel:06642379222\">0664\/2379222<\/a><br \/><strong>Mail: <\/strong><a href=\"mailto:wolfgang.bachler@a1.net\">wolfgang.bachler@a1.net<\/a><\/p><h4><strong style=\"color: white\">Sektionsleiter-STV:<\/strong><\/h4><p>Johannes Greiner\u00a0 \u00a0<br \/><strong>Tel:<\/strong> <a href=\"tel:06641332101\">0664\/1332101<\/a><br \/><strong>Mail:<\/strong> <a href=\"mailto:hagre@gmx.at\">hagre@gmx.at<\/a><\/p><p><strong>Trainingszeiten:<br \/><\/strong>T\u00e4glich &#8211; ausgenommen DO<\/p><p><strong>Gr\u00fcndungsjahr: <\/strong>1954<\/p><p><strong>Trainingsst\u00e4tte: <\/strong>LINZ AG Kegelbahn, Landgutstrasse 19a<\/p>\t\t\t\t\t\t\t\t<\/div>\n\t\t\t\t<\/div>\n\t\t\t\t\t<\/div>\n\t\t\t\t<\/div>\n\t\t\t\t\t<\/div>\n\t\t<\/div>\n\t\t\t\t<div class=\"elementor-column elementor-col-50 elementor-inner-column elementor-element elementor-element-f2ce399\" data-id=\"f2ce399\" data-element_type=\"column\">\n\t\t\t<div class=\"elementor-widget-wrap elementor-element-populated\">\n\t\t\t\t\t\t<div class=\"elementor-element elementor-element-00512eb elementor-widget elementor-widget-text-editor\" data-id=\"00512eb\" data-element_type=\"widget\" data-widget_type=\"text-editor.default\">\n\t\t\t\t<div class=\"elementor-widget-container\">\n\t\t\t\t\t\t\t\t\t<h4>&#8222;Das Kegeln dient als Spiel, mit dem Zweck der sportlichen Ert\u00fcchtigung f\u00fcr jede Altersgruppe sowie Pflege der Kameradschaft und Geselligkeit!&#8220;<\/h4><p>Kegeln hat nicht nur einen ausgesprochen hohen Spa\u00dffaktor.<\/p><p>Die aus \u00c4gypten kommende Sportart, die im 12. Jahrhundert ihren Weg nach Europa fand, leistet auch einen Beitrag f\u00fcr ein Mehr an Fitness, Gesundheit und Konzentrationsf\u00e4higkeit.<\/p><p>Und sie steht wie kaum ein anderer Sport f\u00fcr Gem\u00fctlichkeit, Teamgeist und Kameradschaft. Dies zeigt sich auch in der<\/p><p>,,Sektion Sportkegeln&#8220;, in der die Mitglieder ganz nach dem Leitspruch \u201eGut Holz!&#8220; diese Werte leben und beim Wurf in die Vollen sowie beim Abr\u00e4umen ihrer Begeisterung<\/p><p>freien Lauf lassen.<\/p><p>Ein besonderes Augenmerk wird zudem auf die Nachwuchsarbeit gelegt, soll doch das Kegeln auch bei den Jungen wieder interessant werden.<\/p><p>Schnuppertrainings sind daher nach R\u00fccksprache jederzeit gerne m\u00f6glich.<\/p><p><strong><em>Wolfgang Bachler <\/em><\/strong><\/p>\t\t\t\t\t\t\t\t<\/div>\n\t\t\t\t<\/div>\n\t\t\t\t<div class=\"elementor-element elementor-element-ea78795 elementor-widget elementor-widget-text-editor\" data-id=\"ea78795\" data-element_type=\"widget\" data-widget_type=\"text-editor.default\">\n\t\t\t\t<div class=\"elementor-widget-container\">\n\t\t\t\t\t\t\t\t\t<div class=\"art-postmetadataheader\"><h4 class=\"art-postheader\">Vereins-Info<\/h4><\/div><div class=\"art-postcontent clearfix\"><div class=\"art-article\">Solltest du Interesse am Sportkegeln haben, dann bitte bei Wolfgang Bachler, +43 664 2379222 oder Hannes Greiner\u00a0 +43 664 1332102 melden.<\/div><div>Damen oder Jugendliche k\u00f6nnen sich auch bei Edith Derflinger +43 664 9233136 gerne melden.<\/div><\/div><p><strong>GRATISTRAINING jederzeit m\u00f6glich.<\/strong><\/p>\t\t\t\t\t\t\t\t<\/div>\n\t\t\t\t<\/div>\n\t\t\t\t<div class=\"elementor-element elementor-element-f9b86ad elementor-widget elementor-widget-text-editor\" data-id=\"f9b86ad\" data-element_type=\"widget\" data-widget_type=\"text-editor.default\">\n\t\t\t\t<div class=\"elementor-widget-container\">\n\t\t\t\t\t\t\t\t\t<h4>Trainingszeiten<\/h4><p>Der Spielort der Linz AG Kegelbahn befindet sich in der Landgutstra\u00dfe 19a, Tel-Nr. 0732\/3400-7540<\/p><p>Grunds\u00e4tzlich kann an <strong>allen<\/strong> <strong>Tagen,<\/strong> <em><span style=\"text-decoration: underline\">ausgenommen<\/span> <span style=\"text-decoration: underline\">Donnerstag<\/span><\/em> und Meisterschaft oder Turnieren, trainiert werden.<\/p>\t\t\t\t\t\t\t\t<\/div>\n\t\t\t\t<\/div>\n\t\t\t\t<div class=\"elementor-element elementor-element-28d065f with-table common-data elementor-widget elementor-widget-text-editor\" data-id=\"28d065f\" data-element_type=\"widget\" data-widget_type=\"text-editor.default\">\n\t\t\t\t<div class=\"elementor-widget-container\">\n\t\t\t\t\t\t\t\t\t<div><table border=\"1\"><tbody><tr><td style=\"text-align: left\">Mo:<\/td><td style=\"text-align: left\">Meisterschaft Herren<\/td><td style=\"text-align: left\">ab 18.00 Uhr<\/td><\/tr><tr><td style=\"text-align: left\">Di:<\/td><td style=\"text-align: left\">Meisterschaft Damen<\/td><td style=\"text-align: left\">ab 18.00 Uhr<\/td><\/tr><tr><td style=\"text-align: left\">Mi:<\/td><td style=\"text-align: left\">Meisterschaft Freie Liga<\/td><td style=\"text-align: left\">ab 18.00 Uhr<\/td><\/tr><tr><td style=\"text-align: left\">Do:<\/td><td style=\"text-align: left\">Senioren<\/td><td style=\"text-align: left\">Ganzer Tag<\/td><\/tr><tr><td style=\"text-align: left\" colspan=\"3\">\u00a0<\/td><\/tr><\/tbody><\/table><\/div>\t\t\t\t\t\t\t\t<\/div>\n\t\t\t\t<\/div>\n\t\t\t\t<div class=\"elementor-element elementor-element-3ce8859 elementor-widget elementor-widget-spacer\" data-id=\"3ce8859\" data-element_type=\"widget\" data-widget_type=\"spacer.default\">\n\t\t\t\t<div class=\"elementor-widget-container\">\n\t\t\t\t\t\t\t<div class=\"elementor-spacer\">\n\t\t\t<div class=\"elementor-spacer-inner\"><\/div>\n\t\t<\/div>\n\t\t\t\t\t\t<\/div>\n\t\t\t\t<\/div>\n\t\t\t\t<div class=\"elementor-element elementor-element-c6568a1 elementor-widget__width-initial elementor-widget elementor-widget-text-editor\" data-id=\"c6568a1\" data-element_type=\"widget\" data-widget_type=\"text-editor.default\">\n\t\t\t\t<div class=\"elementor-widget-container\">\n\t\t\t\t\t\t\t\t\t<h5><strong><a href=\"https:\/\/www.linzag-sport.at\/sportkegeln\/wp-content\/uploads\/sites\/12\/2026\/04\/OOe-LM_Allg.Klasse_Ergebnisse-Qualifikation.pdf\">O\u00d6-LM_Allg.Klasse_Ergebnisse Qualifikation<\/a><\/strong><\/h5><h4><span style=\"color: #0000ff\"><strong><a style=\"color: #0000ff\" href=\"https:\/\/www.linzag-sport.at\/sportkegeln\/wp-content\/uploads\/sites\/12\/2026\/04\/LSKBVOOE-Einzel-Allg.-Klasse-2025-26-Startplan-Finale.pdf\">LSKBVOOE Einzel Allg. Klasse 2025-26 Startplan Finale<\/a><\/strong><\/span><\/h4><h5><span style=\"color: #0000ff\"><a style=\"color: #0000ff\" href=\"https:\/\/www.linzag-sport.at\/sportkegeln\/wp-content\/uploads\/sites\/12\/2026\/03\/LSKBVOOE-Einzel-Allg.-Klasse-2025-26-Ausschreibung.pdf\">LSKBVOOE Einzel Allg. Klasse 2025-26 Ausschreibung<\/a><\/span><\/h5><h4><span style=\"color: #3366ff\">Ergebnisliste_<a style=\"color: #3366ff\" href=\"https:\/\/www.linzag-sport.at\/sportkegeln-multisite\/wp-content\/uploads\/2025\/02\/LSKBVOOE-Einzel-Sen-2024-25-Damen-Alle-Ergebnisse-fertig.pdf\">OOE Einzel Sen 2024-25 Damen_\u00dc50\u00dc60<\/a><\/span><\/h4><h4><span style=\"color: #0000ff\">O\u00d6 &#8211; LANDESMEISTERIN 2025 &#8211; Carina Martens<img fetchpriority=\"high\" decoding=\"async\" class=\"alignnone wp-image-20176 size-full\" src=\"https:\/\/www.linzag-sport.at\/sportkegeln\/wp-content\/uploads\/sites\/12\/2025\/05\/IMG_1604.webp\" alt=\"\" width=\"225\" height=\"300\" \/><\/span><\/h4>\t\t\t\t\t\t\t\t<\/div>\n\t\t\t\t<\/div>\n\t\t\t\t\t<\/div>\n\t\t<\/div>\n\t\t\t\t\t<\/div>\n\t\t<\/section>\n\t\t\t\t\t<\/div>\n\t\t<\/div>\n\t\t\t\t\t<\/div>\n\t\t<\/section>\n\t\t<div class=\"elementor-element elementor-element-c0b81b4 e-flex e-con-boxed e-con e-parent\" data-id=\"c0b81b4\" data-element_type=\"container\">\n\t\t\t\t\t<div class=\"e-con-inner\">\n\t\t\t\t\t<\/div>\n\t\t\t\t<\/div>\n\t\t\t\t<\/div>\n\t\t","protected":false},"excerpt":{"rendered":"<p>Men\u00fc Sektionsleiter: Wolfgang BachlerTel: 0664\/2379222Mail: wolfgang.bachler@a1.net Sektionsleiter-STV: Johannes Greiner\u00a0 \u00a0Tel: 0664\/1332101Mail: hagre@gmx.at Trainingszeiten:T\u00e4glich &#8211; ausgenommen DO Gr\u00fcndungsjahr: 1954 Trainingsst\u00e4tte: LINZ AG Kegelbahn, Landgutstrasse 19a &#8222;Das Kegeln dient als Spiel, mit dem Zweck der sportlichen Ert\u00fcchtigung f\u00fcr jede Altersgruppe sowie Pflege der Kameradschaft und Geselligkeit!&#8220; Kegeln hat nicht nur einen ausgesprochen hohen Spa\u00dffaktor. Die aus \u00c4gypten kommende Sportart, die im 12. Jahrhundert ihren Weg nach Europa fand, leistet auch einen Beitrag f\u00fcr ein Mehr an Fitness, Gesundheit und Konzentrationsf\u00e4higkeit. Und sie steht wie kaum ein anderer Sport f\u00fcr Gem\u00fctlichkeit, Teamgeist und [&hellip;]<\/p>\n","protected":false},"author":1,"featured_media":0,"parent":0,"menu_order":0,"comment_status":"closed","ping_status":"closed","template":"full-width.php","meta":{"_acf_changed":false,"_price":"","_stock":"","_tribe_ticket_header":"","_tribe_default_ticket_provider":"","_tribe_ticket_capacity":"0","_ticket_start_date":"","_ticket_end_date":"","_tribe_ticket_show_description":"","_tribe_ticket_show_not_going":false,"_tribe_ticket_use_global_stock":"","_tribe_ticket_global_stock_level":"","_global_stock_mode":"","_global_stock_cap":"","_tribe_rsvp_for_event":"","_tribe_ticket_going_count":"","_tribe_ticket_not_going_count":"","_tribe_tickets_list":"[]","_tribe_ticket_has_attendee_info_fields":false,"footnotes":"","_tec_slr_enabled":"","_tec_slr_layout":""},"class_list":["post-8108","page","type-page","status-publish","hentry"],"acf":[],"yoast_head":"<!-- This site is optimized with the Yoast SEO plugin v25.1 - https:\/\/yoast.com\/wordpress\/plugins\/seo\/ -->\n<title>Sektion Sportkegeln - Sportkegeln<\/title>\n<meta name=\"robots\" content=\"index, follow, max-snippet:-1, max-image-preview:large, max-video-preview:-1\" \/>\n<link rel=\"canonical\" href=\"https:\/\/www.linzag-sport.at\/sportkegeln\/\" \/>\n<meta property=\"og:locale\" content=\"de_DE\" \/>\n<meta property=\"og:type\" content=\"article\" \/>\n<meta property=\"og:title\" content=\"Sektion Sportkegeln - Sportkegeln\" \/>\n<meta property=\"og:description\" content=\"Men\u00fc Sektionsleiter: Wolfgang BachlerTel: 0664\/2379222Mail: wolfgang.bachler@a1.net Sektionsleiter-STV: Johannes Greiner\u00a0 \u00a0Tel: 0664\/1332101Mail: hagre@gmx.at Trainingszeiten:T\u00e4glich &#8211; ausgenommen DO Gr\u00fcndungsjahr: 1954 Trainingsst\u00e4tte: LINZ AG Kegelbahn, Landgutstrasse 19a &#8222;Das Kegeln dient als Spiel, mit dem Zweck der sportlichen Ert\u00fcchtigung f\u00fcr jede Altersgruppe sowie Pflege der Kameradschaft und Geselligkeit!&#8220; Kegeln hat nicht nur einen ausgesprochen hohen Spa\u00dffaktor. Die aus \u00c4gypten kommende Sportart, die im 12. Jahrhundert ihren Weg nach Europa fand, leistet auch einen Beitrag f\u00fcr ein Mehr an Fitness, Gesundheit und Konzentrationsf\u00e4higkeit. Und sie steht wie kaum ein anderer Sport f\u00fcr Gem\u00fctlichkeit, Teamgeist und [&hellip;]\" \/>\n<meta property=\"og:url\" content=\"https:\/\/www.linzag-sport.at\/sportkegeln\/\" \/>\n<meta property=\"og:site_name\" content=\"Sportkegeln\" \/>\n<meta property=\"article:modified_time\" content=\"2026-04-29T07:48:28+00:00\" \/>\n<meta property=\"og:image\" content=\"https:\/\/www.linzag-sport.at\/sportkegeln\/wp-content\/uploads\/sites\/12\/2025\/05\/IMG_1604.webp\" \/>\n\t<meta property=\"og:image:width\" content=\"225\" \/>\n\t<meta property=\"og:image:height\" content=\"300\" \/>\n\t<meta property=\"og:image:type\" content=\"image\/webp\" \/>\n<meta name=\"twitter:card\" content=\"summary_large_image\" \/>\n<meta name=\"twitter:label1\" content=\"Gesch\u00e4tzte Lesezeit\" \/>\n\t<meta name=\"twitter:data1\" content=\"2\u00a0Minuten\" \/>\n<script type=\"application\/ld+json\" class=\"yoast-schema-graph\">{\"@context\":\"https:\/\/schema.org\",\"@graph\":[{\"@type\":\"WebPage\",\"@id\":\"https:\/\/www.linzag-sport.at\/sportkegeln\/\",\"url\":\"https:\/\/www.linzag-sport.at\/sportkegeln\/\",\"name\":\"Sektion Sportkegeln - Sportkegeln\",\"isPartOf\":{\"@id\":\"https:\/\/www.linzag-sport.at\/sportkegeln\/#website\"},\"primaryImageOfPage\":{\"@id\":\"https:\/\/www.linzag-sport.at\/sportkegeln\/#primaryimage\"},\"image\":{\"@id\":\"https:\/\/www.linzag-sport.at\/sportkegeln\/#primaryimage\"},\"thumbnailUrl\":\"https:\/\/www.linzag-sport.at\/sportkegeln\/wp-content\/uploads\/sites\/12\/2025\/05\/IMG_1604.webp\",\"datePublished\":\"2024-01-29T10:33:20+00:00\",\"dateModified\":\"2026-04-29T07:48:28+00:00\",\"breadcrumb\":{\"@id\":\"https:\/\/www.linzag-sport.at\/sportkegeln\/#breadcrumb\"},\"inLanguage\":\"de\",\"potentialAction\":[{\"@type\":\"ReadAction\",\"target\":[\"https:\/\/www.linzag-sport.at\/sportkegeln\/\"]}]},{\"@type\":\"ImageObject\",\"inLanguage\":\"de\",\"@id\":\"https:\/\/www.linzag-sport.at\/sportkegeln\/#primaryimage\",\"url\":\"https:\/\/www.linzag-sport.at\/sportkegeln\/wp-content\/uploads\/sites\/12\/2025\/05\/IMG_1604.webp\",\"contentUrl\":\"https:\/\/www.linzag-sport.at\/sportkegeln\/wp-content\/uploads\/sites\/12\/2025\/05\/IMG_1604.webp\",\"width\":225,\"height\":300},{\"@type\":\"BreadcrumbList\",\"@id\":\"https:\/\/www.linzag-sport.at\/sportkegeln\/#breadcrumb\",\"itemListElement\":[{\"@type\":\"ListItem\",\"position\":1,\"name\":\"Startseite\",\"item\":\"https:\/\/www.linzag-sport.at\/sportkegeln\/\"},{\"@type\":\"ListItem\",\"position\":2,\"name\":\"Sektion Sportkegeln\"}]},{\"@type\":\"WebSite\",\"@id\":\"https:\/\/www.linzag-sport.at\/sportkegeln\/#website\",\"url\":\"https:\/\/www.linzag-sport.at\/sportkegeln\/\",\"name\":\"Sportkegeln\",\"description\":\"\",\"potentialAction\":[{\"@type\":\"SearchAction\",\"target\":{\"@type\":\"EntryPoint\",\"urlTemplate\":\"https:\/\/www.linzag-sport.at\/sportkegeln\/?s={search_term_string}\"},\"query-input\":{\"@type\":\"PropertyValueSpecification\",\"valueRequired\":true,\"valueName\":\"search_term_string\"}}],\"inLanguage\":\"de\"}]}<\/script>\n<!-- \/ Yoast SEO plugin. -->","yoast_head_json":{"title":"Sektion Sportkegeln - Sportkegeln","robots":{"index":"index","follow":"follow","max-snippet":"max-snippet:-1","max-image-preview":"max-image-preview:large","max-video-preview":"max-video-preview:-1"},"canonical":"https:\/\/www.linzag-sport.at\/sportkegeln\/","og_locale":"de_DE","og_type":"article","og_title":"Sektion Sportkegeln - Sportkegeln","og_description":"Men\u00fc Sektionsleiter: Wolfgang BachlerTel: 0664\/2379222Mail: wolfgang.bachler@a1.net Sektionsleiter-STV: Johannes Greiner\u00a0 \u00a0Tel: 0664\/1332101Mail: hagre@gmx.at Trainingszeiten:T\u00e4glich &#8211; ausgenommen DO Gr\u00fcndungsjahr: 1954 Trainingsst\u00e4tte: LINZ AG Kegelbahn, Landgutstrasse 19a &#8222;Das Kegeln dient als Spiel, mit dem Zweck der sportlichen Ert\u00fcchtigung f\u00fcr jede Altersgruppe sowie Pflege der Kameradschaft und Geselligkeit!&#8220; Kegeln hat nicht nur einen ausgesprochen hohen Spa\u00dffaktor. Die aus \u00c4gypten kommende Sportart, die im 12. Jahrhundert ihren Weg nach Europa fand, leistet auch einen Beitrag f\u00fcr ein Mehr an Fitness, Gesundheit und Konzentrationsf\u00e4higkeit. Und sie steht wie kaum ein anderer Sport f\u00fcr Gem\u00fctlichkeit, Teamgeist und [&hellip;]","og_url":"https:\/\/www.linzag-sport.at\/sportkegeln\/","og_site_name":"Sportkegeln","article_modified_time":"2026-04-29T07:48:28+00:00","og_image":[{"width":225,"height":300,"url":"https:\/\/www.linzag-sport.at\/sportkegeln\/wp-content\/uploads\/sites\/12\/2025\/05\/IMG_1604.webp","type":"image\/webp"}],"twitter_card":"summary_large_image","twitter_misc":{"Gesch\u00e4tzte Lesezeit":"2\u00a0Minuten"},"schema":{"@context":"https:\/\/schema.org","@graph":[{"@type":"WebPage","@id":"https:\/\/www.linzag-sport.at\/sportkegeln\/","url":"https:\/\/www.linzag-sport.at\/sportkegeln\/","name":"Sektion Sportkegeln - Sportkegeln","isPartOf":{"@id":"https:\/\/www.linzag-sport.at\/sportkegeln\/#website"},"primaryImageOfPage":{"@id":"https:\/\/www.linzag-sport.at\/sportkegeln\/#primaryimage"},"image":{"@id":"https:\/\/www.linzag-sport.at\/sportkegeln\/#primaryimage"},"thumbnailUrl":"https:\/\/www.linzag-sport.at\/sportkegeln\/wp-content\/uploads\/sites\/12\/2025\/05\/IMG_1604.webp","datePublished":"2024-01-29T10:33:20+00:00","dateModified":"2026-04-29T07:48:28+00:00","breadcrumb":{"@id":"https:\/\/www.linzag-sport.at\/sportkegeln\/#breadcrumb"},"inLanguage":"de","potentialAction":[{"@type":"ReadAction","target":["https:\/\/www.linzag-sport.at\/sportkegeln\/"]}]},{"@type":"ImageObject","inLanguage":"de","@id":"https:\/\/www.linzag-sport.at\/sportkegeln\/#primaryimage","url":"https:\/\/www.linzag-sport.at\/sportkegeln\/wp-content\/uploads\/sites\/12\/2025\/05\/IMG_1604.webp","contentUrl":"https:\/\/www.linzag-sport.at\/sportkegeln\/wp-content\/uploads\/sites\/12\/2025\/05\/IMG_1604.webp","width":225,"height":300},{"@type":"BreadcrumbList","@id":"https:\/\/www.linzag-sport.at\/sportkegeln\/#breadcrumb","itemListElement":[{"@type":"ListItem","position":1,"name":"Startseite","item":"https:\/\/www.linzag-sport.at\/sportkegeln\/"},{"@type":"ListItem","position":2,"name":"Sektion Sportkegeln"}]},{"@type":"WebSite","@id":"https:\/\/www.linzag-sport.at\/sportkegeln\/#website","url":"https:\/\/www.linzag-sport.at\/sportkegeln\/","name":"Sportkegeln","description":"","potentialAction":[{"@type":"SearchAction","target":{"@type":"EntryPoint","urlTemplate":"https:\/\/www.linzag-sport.at\/sportkegeln\/?s={search_term_string}"},"query-input":{"@type":"PropertyValueSpecification","valueRequired":true,"valueName":"search_term_string"}}],"inLanguage":"de"}]}},"ticketed":false,"_links":{"self":[{"href":"https:\/\/www.linzag-sport.at\/sportkegeln\/wp-json\/wp\/v2\/pages\/8108","targetHints":{"allow":["GET"]}}],"collection":[{"href":"https:\/\/www.linzag-sport.at\/sportkegeln\/wp-json\/wp\/v2\/pages"}],"about":[{"href":"https:\/\/www.linzag-sport.at\/sportkegeln\/wp-json\/wp\/v2\/types\/page"}],"author":[{"embeddable":true,"href":"https:\/\/www.linzag-sport.at\/sportkegeln\/wp-json\/wp\/v2\/users\/1"}],"replies":[{"embeddable":true,"href":"https:\/\/www.linzag-sport.at\/sportkegeln\/wp-json\/wp\/v2\/comments?post=8108"}],"version-history":[{"count":155,"href":"https:\/\/www.linzag-sport.at\/sportkegeln\/wp-json\/wp\/v2\/pages\/8108\/revisions"}],"predecessor-version":[{"id":20512,"href":"https:\/\/www.linzag-sport.at\/sportkegeln\/wp-json\/wp\/v2\/pages\/8108\/revisions\/20512"}],"wp:attachment":[{"href":"https:\/\/www.linzag-sport.at\/sportkegeln\/wp-json\/wp\/v2\/media?parent=8108"}],"curies":[{"name":"wp","href":"https:\/\/api.w.org\/{rel}","templated":true}]}}