{"id":15045,"date":"2024-10-17T09:23:12","date_gmt":"2024-10-17T07:23:12","guid":{"rendered":"https:\/\/www.linzag-sport.at\/schwimmen-multisite\/?page_id=15045"},"modified":"2025-10-31T10:35:02","modified_gmt":"2025-10-31T09:35:02","slug":"vereinsinfos","status":"publish","type":"page","link":"https:\/\/www.linzag-sport.at\/schwimmen\/vereinsinfos\/","title":{"rendered":"Schwimmen Vereinsinfos"},"content":{"rendered":"\t\t<div data-elementor-type=\"wp-page\" data-elementor-id=\"15045\" class=\"elementor elementor-15045\" data-elementor-post-type=\"page\">\n\t\t\t\t\t\t<section class=\"qodef-parallax-row-holder elementor-section elementor-top-section elementor-element elementor-element-d5b2f0a qodef-parallax-row-holder elementor-section-boxed elementor-section-height-default elementor-section-height-default qodef-content-aligment-left qodef-elementor-row-grid-no qodef-disabled-bg-image-bellow-no\" data-parallax-bg-speed=\"1\" data-parallax-bg-image=\"https:\/\/prowess.qodeinteractive.com\/elementor\/wp-content\/uploads\/2018\/02\/h2-parallax-2.jpg\" data-parallax-bg-height=\"0\" data-id=\"d5b2f0a\" data-element_type=\"section\" data-settings=\"{&quot;select_parallax_image&quot;:{&quot;url&quot;:&quot;https:\\\/\\\/prowess.qodeinteractive.com\\\/elementor\\\/wp-content\\\/uploads\\\/2018\\\/02\\\/h2-parallax-2.jpg&quot;,&quot;id&quot;:706,&quot;size&quot;:&quot;&quot;}}\">\n\t\t\t\t\t\t<div class=\"elementor-container elementor-column-gap-default\">\n\t\t\t\t\t<div class=\"elementor-column elementor-col-100 elementor-top-column elementor-element elementor-element-b6731e9\" data-id=\"b6731e9\" data-element_type=\"column\">\n\t\t\t<div class=\"elementor-widget-wrap elementor-element-populated\">\n\t\t\t\t\t\t<section class=\"elementor-section elementor-inner-section elementor-element elementor-element-2cc551f qodef-elementor-row-grid-section main-content-sec elementor-section-boxed elementor-section-height-default elementor-section-height-default qodef-parallax-row-no qodef-content-aligment-left qodef-disabled-bg-image-bellow-no\" data-id=\"2cc551f\" data-element_type=\"section\">\n\t\t\t\t\t\t<div class=\"elementor-container elementor-column-gap-default\">\n\t\t\t\t\t<div class=\"elementor-column elementor-col-50 elementor-inner-column elementor-element elementor-element-9473225 info common-sidebar\" data-id=\"9473225\" data-element_type=\"column\" data-settings=\"{&quot;background_background&quot;:&quot;classic&quot;}\">\n\t\t\t<div class=\"elementor-widget-wrap elementor-element-populated\">\n\t\t\t\t\t\t<div class=\"elementor-element elementor-element-f7b05a9 elementor-widget elementor-widget-qodef_section_title\" data-id=\"f7b05a9\" data-element_type=\"widget\" data-widget_type=\"qodef_section_title.default\">\n\t\t\t\t<div class=\"elementor-widget-container\">\n\t\t\t\t\t<div class=\"qodef-section-title-holder   \" >\n\t<div class=\"qodef-st-inner\">\n\t\t\t\t\t<h3 class=\"qodef-st-title\" >\n\t\t\t\tMen\u00fc\t\t\t<\/h3>\n\t\t        \t\t\t<\/div>\n<\/div>\t\t\t\t<\/div>\n\t\t\t\t<\/div>\n\t\t\t\t<div class=\"elementor-element elementor-element-3ab10eb elementor-nav-menu--dropdown-tablet elementor-nav-menu__text-align-aside elementor-nav-menu--toggle elementor-nav-menu--burger elementor-widget elementor-widget-nav-menu\" data-id=\"3ab10eb\" data-element_type=\"widget\" data-settings=\"{&quot;layout&quot;:&quot;vertical&quot;,&quot;submenu_icon&quot;:{&quot;value&quot;:&quot;&lt;svg class=\\&quot;e-font-icon-svg e-fas-caret-down\\&quot; viewBox=\\&quot;0 0 320 512\\&quot; xmlns=\\&quot;http:\\\/\\\/www.w3.org\\\/2000\\\/svg\\&quot;&gt;&lt;path d=\\&quot;M31.3 192h257.3c17.8 0 26.7 21.5 14.1 34.1L174.1 354.8c-7.8 7.8-20.5 7.8-28.3 0L17.2 226.1C4.6 213.5 13.5 192 31.3 192z\\&quot;&gt;&lt;\\\/path&gt;&lt;\\\/svg&gt;&quot;,&quot;library&quot;:&quot;fa-solid&quot;},&quot;toggle&quot;:&quot;burger&quot;}\" data-widget_type=\"nav-menu.default\">\n\t\t\t\t<div class=\"elementor-widget-container\">\n\t\t\t\t\t\t\t\t<nav aria-label=\"Men\u00fc\" class=\"elementor-nav-menu--main elementor-nav-menu__container elementor-nav-menu--layout-vertical e--pointer-underline e--animation-fade\">\n\t\t\t\t<ul id=\"menu-1-3ab10eb\" class=\"elementor-nav-menu sm-vertical\"><li class=\"menu-item menu-item-type-post_type menu-item-object-page menu-item-home menu-item-12819\"><a href=\"https:\/\/www.linzag-sport.at\/schwimmen\/\" class=\"elementor-item\">Startseite<\/a><\/li>\n<li class=\"menu-item menu-item-type-custom menu-item-object-custom menu-item-has-children menu-item-12898\"><a href=\"#\" class=\"elementor-item elementor-item-anchor\">Schwimmkurse 2025\/26<\/a>\n<ul class=\"sub-menu elementor-nav-menu--dropdown\">\n\t<li class=\"menu-item menu-item-type-post_type menu-item-object-page menu-item-12897\"><a href=\"https:\/\/www.linzag-sport.at\/schwimmen\/kinder-schwimmkurs\/\" class=\"elementor-sub-item\">Kinder Schwimmkurs<\/a><\/li>\n\t<li class=\"menu-item menu-item-type-post_type menu-item-object-page menu-item-12954\"><a href=\"https:\/\/www.linzag-sport.at\/schwimmen\/erwachsenen-schwimmkurse\/\" class=\"elementor-sub-item\">Erwachsenen Schwimmkurse<\/a><\/li>\n<\/ul>\n<\/li>\n<li class=\"menu-item menu-item-type-post_type menu-item-object-page menu-item-12978\"><a href=\"https:\/\/www.linzag-sport.at\/schwimmen\/mitgliedsbeitraege\/\" class=\"elementor-item\">Mitgliedsbeitr\u00e4ge<\/a><\/li>\n<li class=\"menu-item menu-item-type-post_type menu-item-object-page menu-item-has-children menu-item-12988\"><a href=\"https:\/\/www.linzag-sport.at\/schwimmen\/ueber-uns\/\" class=\"elementor-item\">\u00dcber uns<\/a>\n<ul class=\"sub-menu elementor-nav-menu--dropdown\">\n\t<li class=\"menu-item menu-item-type-post_type menu-item-object-page menu-item-15030\"><a href=\"https:\/\/www.linzag-sport.at\/schwimmen\/warum-schwimmen\/\" class=\"elementor-sub-item\">Warum Schwimmen?<\/a><\/li>\n\t<li class=\"menu-item menu-item-type-post_type menu-item-object-page menu-item-15047\"><a href=\"https:\/\/www.linzag-sport.at\/schwimmen\/vereinsinfos\/\" class=\"elementor-sub-item\">Vereinsinfos<\/a><\/li>\n\t<li class=\"menu-item menu-item-type-post_type menu-item-object-page menu-item-15055\"><a href=\"https:\/\/www.linzag-sport.at\/schwimmen\/trainerteam\/\" class=\"elementor-sub-item\">Trainerteam<\/a><\/li>\n<\/ul>\n<\/li>\n<li class=\"menu-item menu-item-type-post_type menu-item-object-page menu-item-13038\"><a href=\"https:\/\/www.linzag-sport.at\/schwimmen\/terminplan\/\" class=\"elementor-item\">Terminplan<\/a><\/li>\n<li class=\"menu-item menu-item-type-custom menu-item-object-custom menu-item-has-children menu-item-13076\"><a href=\"#\" class=\"elementor-item elementor-item-anchor\">Trainingsm\u00f6glichkeiten<\/a>\n<ul class=\"sub-menu elementor-nav-menu--dropdown\">\n\t<li class=\"menu-item menu-item-type-post_type menu-item-object-page menu-item-13066\"><a href=\"https:\/\/www.linzag-sport.at\/schwimmen\/lehrschwimmbecken\/\" class=\"elementor-sub-item\">Mini Vereinsgruppe<\/a><\/li>\n\t<li class=\"menu-item menu-item-type-post_type menu-item-object-page menu-item-13072\"><a href=\"https:\/\/www.linzag-sport.at\/schwimmen\/linzag-badeabend\/\" class=\"elementor-sub-item\">\u00dcbergangsgruppe<\/a><\/li>\n\t<li class=\"menu-item menu-item-type-post_type menu-item-object-page menu-item-20296\"><a href=\"https:\/\/www.linzag-sport.at\/schwimmen\/linzag-badeabend\/\" class=\"elementor-sub-item\">Aufbaugruppe<\/a><\/li>\n\t<li class=\"menu-item menu-item-type-post_type menu-item-object-page menu-item-13049\"><a href=\"https:\/\/www.linzag-sport.at\/schwimmen\/leistungsgruppe\/\" class=\"elementor-sub-item\">Wettkampfgruppe<\/a><\/li>\n\t<li class=\"menu-item menu-item-type-post_type menu-item-object-page menu-item-13065\"><a href=\"https:\/\/www.linzag-sport.at\/schwimmen\/mastersgruppe\/\" class=\"elementor-sub-item\">Mastersgruppe<\/a><\/li>\n<\/ul>\n<\/li>\n<\/ul>\t\t\t<\/nav>\n\t\t\t\t\t<div class=\"elementor-menu-toggle\" role=\"button\" tabindex=\"0\" aria-label=\"Men\u00fc Umschalter\" aria-expanded=\"false\">\n\t\t\t<svg aria-hidden=\"true\" role=\"presentation\" class=\"elementor-menu-toggle__icon--open e-font-icon-svg e-eicon-menu-bar\" viewBox=\"0 0 1000 1000\" xmlns=\"http:\/\/www.w3.org\/2000\/svg\"><path d=\"M104 333H896C929 333 958 304 958 271S929 208 896 208H104C71 208 42 237 42 271S71 333 104 333ZM104 583H896C929 583 958 554 958 521S929 458 896 458H104C71 458 42 487 42 521S71 583 104 583ZM104 833H896C929 833 958 804 958 771S929 708 896 708H104C71 708 42 737 42 771S71 833 104 833Z\"><\/path><\/svg><svg aria-hidden=\"true\" role=\"presentation\" class=\"elementor-menu-toggle__icon--close e-font-icon-svg e-eicon-close\" viewBox=\"0 0 1000 1000\" xmlns=\"http:\/\/www.w3.org\/2000\/svg\"><path d=\"M742 167L500 408 258 167C246 154 233 150 217 150 196 150 179 158 167 167 154 179 150 196 150 212 150 229 154 242 171 254L408 500 167 742C138 771 138 800 167 829 196 858 225 858 254 829L496 587 738 829C750 842 767 846 783 846 800 846 817 842 829 829 842 817 846 804 846 783 846 767 842 750 829 737L588 500 833 258C863 229 863 200 833 171 804 137 775 137 742 167Z\"><\/path><\/svg>\t\t<\/div>\n\t\t\t\t\t<nav class=\"elementor-nav-menu--dropdown elementor-nav-menu__container\" aria-hidden=\"true\">\n\t\t\t\t<ul id=\"menu-2-3ab10eb\" class=\"elementor-nav-menu sm-vertical\"><li class=\"menu-item menu-item-type-post_type menu-item-object-page menu-item-home menu-item-12819\"><a href=\"https:\/\/www.linzag-sport.at\/schwimmen\/\" class=\"elementor-item\" tabindex=\"-1\">Startseite<\/a><\/li>\n<li class=\"menu-item menu-item-type-custom menu-item-object-custom menu-item-has-children menu-item-12898\"><a href=\"#\" class=\"elementor-item elementor-item-anchor\" tabindex=\"-1\">Schwimmkurse 2025\/26<\/a>\n<ul class=\"sub-menu elementor-nav-menu--dropdown\">\n\t<li class=\"menu-item menu-item-type-post_type menu-item-object-page menu-item-12897\"><a href=\"https:\/\/www.linzag-sport.at\/schwimmen\/kinder-schwimmkurs\/\" class=\"elementor-sub-item\" tabindex=\"-1\">Kinder Schwimmkurs<\/a><\/li>\n\t<li class=\"menu-item menu-item-type-post_type menu-item-object-page menu-item-12954\"><a href=\"https:\/\/www.linzag-sport.at\/schwimmen\/erwachsenen-schwimmkurse\/\" class=\"elementor-sub-item\" tabindex=\"-1\">Erwachsenen Schwimmkurse<\/a><\/li>\n<\/ul>\n<\/li>\n<li class=\"menu-item menu-item-type-post_type menu-item-object-page menu-item-12978\"><a href=\"https:\/\/www.linzag-sport.at\/schwimmen\/mitgliedsbeitraege\/\" class=\"elementor-item\" tabindex=\"-1\">Mitgliedsbeitr\u00e4ge<\/a><\/li>\n<li class=\"menu-item menu-item-type-post_type menu-item-object-page menu-item-has-children menu-item-12988\"><a href=\"https:\/\/www.linzag-sport.at\/schwimmen\/ueber-uns\/\" class=\"elementor-item\" tabindex=\"-1\">\u00dcber uns<\/a>\n<ul class=\"sub-menu elementor-nav-menu--dropdown\">\n\t<li class=\"menu-item menu-item-type-post_type menu-item-object-page menu-item-15030\"><a href=\"https:\/\/www.linzag-sport.at\/schwimmen\/warum-schwimmen\/\" class=\"elementor-sub-item\" tabindex=\"-1\">Warum Schwimmen?<\/a><\/li>\n\t<li class=\"menu-item menu-item-type-post_type menu-item-object-page menu-item-15047\"><a href=\"https:\/\/www.linzag-sport.at\/schwimmen\/vereinsinfos\/\" class=\"elementor-sub-item\" tabindex=\"-1\">Vereinsinfos<\/a><\/li>\n\t<li class=\"menu-item menu-item-type-post_type menu-item-object-page menu-item-15055\"><a href=\"https:\/\/www.linzag-sport.at\/schwimmen\/trainerteam\/\" class=\"elementor-sub-item\" tabindex=\"-1\">Trainerteam<\/a><\/li>\n<\/ul>\n<\/li>\n<li class=\"menu-item menu-item-type-post_type menu-item-object-page menu-item-13038\"><a href=\"https:\/\/www.linzag-sport.at\/schwimmen\/terminplan\/\" class=\"elementor-item\" tabindex=\"-1\">Terminplan<\/a><\/li>\n<li class=\"menu-item menu-item-type-custom menu-item-object-custom menu-item-has-children menu-item-13076\"><a href=\"#\" class=\"elementor-item elementor-item-anchor\" tabindex=\"-1\">Trainingsm\u00f6glichkeiten<\/a>\n<ul class=\"sub-menu elementor-nav-menu--dropdown\">\n\t<li class=\"menu-item menu-item-type-post_type menu-item-object-page menu-item-13066\"><a href=\"https:\/\/www.linzag-sport.at\/schwimmen\/lehrschwimmbecken\/\" class=\"elementor-sub-item\" tabindex=\"-1\">Mini Vereinsgruppe<\/a><\/li>\n\t<li class=\"menu-item menu-item-type-post_type menu-item-object-page menu-item-13072\"><a href=\"https:\/\/www.linzag-sport.at\/schwimmen\/linzag-badeabend\/\" class=\"elementor-sub-item\" tabindex=\"-1\">\u00dcbergangsgruppe<\/a><\/li>\n\t<li class=\"menu-item menu-item-type-post_type menu-item-object-page menu-item-20296\"><a href=\"https:\/\/www.linzag-sport.at\/schwimmen\/linzag-badeabend\/\" class=\"elementor-sub-item\" tabindex=\"-1\">Aufbaugruppe<\/a><\/li>\n\t<li class=\"menu-item menu-item-type-post_type menu-item-object-page menu-item-13049\"><a href=\"https:\/\/www.linzag-sport.at\/schwimmen\/leistungsgruppe\/\" class=\"elementor-sub-item\" tabindex=\"-1\">Wettkampfgruppe<\/a><\/li>\n\t<li class=\"menu-item menu-item-type-post_type menu-item-object-page menu-item-13065\"><a href=\"https:\/\/www.linzag-sport.at\/schwimmen\/mastersgruppe\/\" class=\"elementor-sub-item\" tabindex=\"-1\">Mastersgruppe<\/a><\/li>\n<\/ul>\n<\/li>\n<\/ul>\t\t\t<\/nav>\n\t\t\t\t\t\t<\/div>\n\t\t\t\t<\/div>\n\t\t\t\t\t<\/div>\n\t\t<\/div>\n\t\t\t\t<div class=\"elementor-column elementor-col-50 elementor-inner-column elementor-element elementor-element-a03d731\" data-id=\"a03d731\" data-element_type=\"column\">\n\t\t\t<div class=\"elementor-widget-wrap elementor-element-populated\">\n\t\t\t\t\t\t<div class=\"elementor-element elementor-element-80af11e elementor-widget elementor-widget-qodef_section_title\" data-id=\"80af11e\" data-element_type=\"widget\" data-widget_type=\"qodef_section_title.default\">\n\t\t\t\t<div class=\"elementor-widget-container\">\n\t\t\t\t\t<div class=\"qodef-section-title-holder   \" >\n\t<div class=\"qodef-st-inner\">\n\t\t\t\t\t<h3 class=\"qodef-st-title\" >\n\t\t\t\tVereinsinfos\t\t\t<\/h3>\n\t\t        \t\t\t<\/div>\n<\/div>\t\t\t\t<\/div>\n\t\t\t\t<\/div>\n\t\t\t\t<div class=\"elementor-element elementor-element-446884e elementor-widget elementor-widget-text-editor\" data-id=\"446884e\" data-element_type=\"widget\" data-widget_type=\"text-editor.default\">\n\t\t\t\t<div class=\"elementor-widget-container\">\n\t\t\t\t\t\t\t\t\t<p><strong>LINZ AG SPORT &#8211; Sektion Schwimmen<\/strong><\/p><ul><li>Gr\u00fcndungsjahr: 1955<\/li><li>Mitglieder: 115<ul><li>76 aktive SchwimmerInnen (Jugend)<\/li><li>12 MastersschwimmerInnen<\/li><li>11 TrainerInnen<\/li><li>\u00a0 3 Funktion\u00e4re ohne Trainert\u00e4tigkeit<\/li><li>13 unterst\u00fctzende Mitglieder<\/li><\/ul><\/li><\/ul><p><strong>Kontakt:<\/strong><br \/><span id=\"cloak85d2343490c0eed665dd863e806cabc0\"><a href=\"mailto:linzag.sport.schwimmen@gmail.com\" target=\"_blank\" rel=\"noopener\">linzag.sport.schwimmen (at) gmail.com<\/a><\/span><\/p>\t\t\t\t\t\t\t\t<\/div>\n\t\t\t\t<\/div>\n\t\t\t\t<div class=\"elementor-element elementor-element-991ae47 elementor-widget elementor-widget-text-editor\" data-id=\"991ae47\" data-element_type=\"widget\" data-widget_type=\"text-editor.default\">\n\t\t\t\t<div class=\"elementor-widget-container\">\n\t\t\t\t\t\t\t\t\t<div class=\"art-postmetadataheader\"><h4 class=\"art-postheader\">Trainingsgruppen<\/h4><\/div><div class=\"art-postcontent clearfix\"><div class=\"art-article\"><p>Unser Schwimmverein besteht aus 5 unterschiedlichen (Leistungs-)Gruppen sowie einer Mastersmannschaft.<\/p><ul><li><strong>Lehrschwimmbecken<\/strong>: In zwei aufeinander aufbauenden Gruppen lernen die Kinder prim\u00e4r die drei Schwimmarten Kraul, R\u00fccken und Brust sowie Grundkenntnisse in Delphin.<\/li><\/ul><ul><li><strong>Sportbecken<\/strong>: Eine \u00dcbergangsgruppe und eine Wettkampfmannschaft. Hier werden die 4 Schwimmarten mit dazugeh\u00f6rigen Wenden und Starts wettkampfgerecht erlernt. Weiters werden Ausdauer, Kraft, Schnelligkeit und Koordination trainiert.<\/li><\/ul><ul><li><strong>Mastersmannschaft<\/strong>: Ab dem Alter von 25 Jahren kann an Masters-Wettk\u00e4mpfen teilgenommen werden.<\/li><\/ul><\/div><\/div><div class=\"art-postcontent clearfix\"><div class=\"art-article\">\u00a0<\/div><\/div>\t\t\t\t\t\t\t\t<\/div>\n\t\t\t\t<\/div>\n\t\t<div class=\"elementor-element elementor-element-f97079b info elementor-hidden-desktop e-flex e-con-boxed e-con e-parent\" data-id=\"f97079b\" data-element_type=\"container\" data-settings=\"{&quot;background_background&quot;:&quot;classic&quot;}\">\n\t\t\t\t\t<div class=\"e-con-inner\">\n\t\t\t\t<div class=\"elementor-element elementor-element-22bd5a7 elementor-widget elementor-widget-text-editor\" data-id=\"22bd5a7\" data-element_type=\"widget\" data-widget_type=\"text-editor.default\">\n\t\t\t\t<div class=\"elementor-widget-container\">\n\t\t\t\t\t\t\t\t\t<h4><strong style=\"color: white;\">Sektionsleiter:<\/strong><\/h4><p>Alexander Fridrik<br \/><strong>Tel: 0732\/3400-6948<\/strong><br \/><strong>Mail: <\/strong><a href=\"mailto:l.nemeth@linzag.at\">a.fridrik@linzag.at<\/a><\/p><h4><strong style=\"color: white;\">Sektionsleiter-STV:<\/strong><\/h4><p>Nina Fridrik\u00a0 \u00a0<br \/><strong>Tel:<\/strong> <a href=\"tel:0732\/3400-6948\">0732\/3400-6948<\/a><br \/><strong>Mail:<\/strong> <a href=\"mailto:a.fridrik@linzag.at\">linzag.sport.schwimmen@gmail.com<\/a><\/p><p><strong>Trainingszeiten:<\/strong> <a href=\"https:\/\/www.linzag-sport.at\/schwimmen-multisite\/schwimmen\/index.php\/trainingsmoeglichkeiten\">Trainingsplan<\/a><\/p><p><strong>Gr\u00fcndungsjahr: <\/strong>1955<\/p><p><strong>Trainingsst\u00e4tten: <\/strong>Biesenfeldbad, Freibad Parkbad, Gugl<\/p>\t\t\t\t\t\t\t\t<\/div>\n\t\t\t\t<\/div>\n\t\t\t\t\t<\/div>\n\t\t\t\t<\/div>\n\t\t\t\t\t<\/div>\n\t\t<\/div>\n\t\t\t\t\t<\/div>\n\t\t<\/section>\n\t\t\t\t\t<\/div>\n\t\t<\/div>\n\t\t\t\t\t<\/div>\n\t\t<\/section>\n\t\t\t\t<\/div>\n\t\t","protected":false},"excerpt":{"rendered":"<p>Men\u00fc Vereinsinfos LINZ AG SPORT &#8211; Sektion Schwimmen Gr\u00fcndungsjahr: 1955 Mitglieder: 115 76 aktive SchwimmerInnen (Jugend) 12 MastersschwimmerInnen 11 TrainerInnen \u00a0 3 Funktion\u00e4re ohne Trainert\u00e4tigkeit 13 unterst\u00fctzende Mitglieder Kontakt:linzag.sport.schwimmen (at) gmail.com Trainingsgruppen Unser Schwimmverein besteht aus 5 unterschiedlichen (Leistungs-)Gruppen sowie einer Mastersmannschaft. Lehrschwimmbecken: In zwei aufeinander aufbauenden Gruppen lernen die Kinder prim\u00e4r die drei Schwimmarten Kraul, R\u00fccken und Brust sowie Grundkenntnisse in Delphin. Sportbecken: Eine \u00dcbergangsgruppe und eine Wettkampfmannschaft. Hier werden die 4 Schwimmarten mit dazugeh\u00f6rigen Wenden und Starts wettkampfgerecht erlernt. Weiters werden Ausdauer, Kraft, Schnelligkeit und Koordination trainiert. Mastersmannschaft: [&hellip;]<\/p>\n","protected":false},"author":1,"featured_media":0,"parent":0,"menu_order":0,"comment_status":"closed","ping_status":"closed","template":"full-width.php","meta":{"_acf_changed":false,"_price":"","_stock":"","_tribe_ticket_header":"","_tribe_default_ticket_provider":"","_tribe_ticket_capacity":"0","_ticket_start_date":"","_ticket_end_date":"","_tribe_ticket_show_description":"","_tribe_ticket_show_not_going":false,"_tribe_ticket_use_global_stock":"","_tribe_ticket_global_stock_level":"","_global_stock_mode":"","_global_stock_cap":"","_tribe_rsvp_for_event":"","_tribe_ticket_going_count":"","_tribe_ticket_not_going_count":"","_tribe_tickets_list":"[]","_tribe_ticket_has_attendee_info_fields":false,"footnotes":"","_tec_slr_enabled":"","_tec_slr_layout":""},"class_list":["post-15045","page","type-page","status-publish","hentry"],"acf":[],"yoast_head":"<!-- This site is optimized with the Yoast SEO plugin v25.1 - https:\/\/yoast.com\/wordpress\/plugins\/seo\/ -->\n<title>Schwimmen Vereinsinfos - Schwimmen<\/title>\n<meta name=\"robots\" content=\"index, follow, max-snippet:-1, max-image-preview:large, max-video-preview:-1\" \/>\n<link rel=\"canonical\" href=\"https:\/\/www.linzag-sport.at\/schwimmen\/vereinsinfos\/\" \/>\n<meta property=\"og:locale\" content=\"de_DE\" \/>\n<meta property=\"og:type\" content=\"article\" \/>\n<meta property=\"og:title\" content=\"Schwimmen Vereinsinfos - Schwimmen\" \/>\n<meta property=\"og:description\" content=\"Men\u00fc Vereinsinfos LINZ AG SPORT &#8211; Sektion Schwimmen Gr\u00fcndungsjahr: 1955 Mitglieder: 115 76 aktive SchwimmerInnen (Jugend) 12 MastersschwimmerInnen 11 TrainerInnen \u00a0 3 Funktion\u00e4re ohne Trainert\u00e4tigkeit 13 unterst\u00fctzende Mitglieder Kontakt:linzag.sport.schwimmen (at) gmail.com Trainingsgruppen Unser Schwimmverein besteht aus 5 unterschiedlichen (Leistungs-)Gruppen sowie einer Mastersmannschaft. Lehrschwimmbecken: In zwei aufeinander aufbauenden Gruppen lernen die Kinder prim\u00e4r die drei Schwimmarten Kraul, R\u00fccken und Brust sowie Grundkenntnisse in Delphin. Sportbecken: Eine \u00dcbergangsgruppe und eine Wettkampfmannschaft. Hier werden die 4 Schwimmarten mit dazugeh\u00f6rigen Wenden und Starts wettkampfgerecht erlernt. Weiters werden Ausdauer, Kraft, Schnelligkeit und Koordination trainiert. Mastersmannschaft: [&hellip;]\" \/>\n<meta property=\"og:url\" content=\"https:\/\/www.linzag-sport.at\/schwimmen\/vereinsinfos\/\" \/>\n<meta property=\"og:site_name\" content=\"Schwimmen\" \/>\n<meta property=\"article:modified_time\" content=\"2025-10-31T09:35:02+00:00\" \/>\n<meta name=\"twitter:card\" content=\"summary_large_image\" \/>\n<meta name=\"twitter:label1\" content=\"Gesch\u00e4tzte Lesezeit\" \/>\n\t<meta name=\"twitter:data1\" content=\"1\u00a0Minute\" \/>\n<script type=\"application\/ld+json\" class=\"yoast-schema-graph\">{\"@context\":\"https:\/\/schema.org\",\"@graph\":[{\"@type\":\"WebPage\",\"@id\":\"https:\/\/www.linzag-sport.at\/schwimmen\/vereinsinfos\/\",\"url\":\"https:\/\/www.linzag-sport.at\/schwimmen\/vereinsinfos\/\",\"name\":\"Schwimmen Vereinsinfos - Schwimmen\",\"isPartOf\":{\"@id\":\"https:\/\/www.linzag-sport.at\/schwimmen\/#website\"},\"datePublished\":\"2024-10-17T07:23:12+00:00\",\"dateModified\":\"2025-10-31T09:35:02+00:00\",\"breadcrumb\":{\"@id\":\"https:\/\/www.linzag-sport.at\/schwimmen\/vereinsinfos\/#breadcrumb\"},\"inLanguage\":\"de\",\"potentialAction\":[{\"@type\":\"ReadAction\",\"target\":[\"https:\/\/www.linzag-sport.at\/schwimmen\/vereinsinfos\/\"]}]},{\"@type\":\"BreadcrumbList\",\"@id\":\"https:\/\/www.linzag-sport.at\/schwimmen\/vereinsinfos\/#breadcrumb\",\"itemListElement\":[{\"@type\":\"ListItem\",\"position\":1,\"name\":\"Startseite\",\"item\":\"https:\/\/www.linzag-sport.at\/schwimmen\/\"},{\"@type\":\"ListItem\",\"position\":2,\"name\":\"Schwimmen Vereinsinfos\"}]},{\"@type\":\"WebSite\",\"@id\":\"https:\/\/www.linzag-sport.at\/schwimmen\/#website\",\"url\":\"https:\/\/www.linzag-sport.at\/schwimmen\/\",\"name\":\"Schwimmen\",\"description\":\"\",\"potentialAction\":[{\"@type\":\"SearchAction\",\"target\":{\"@type\":\"EntryPoint\",\"urlTemplate\":\"https:\/\/www.linzag-sport.at\/schwimmen\/?s={search_term_string}\"},\"query-input\":{\"@type\":\"PropertyValueSpecification\",\"valueRequired\":true,\"valueName\":\"search_term_string\"}}],\"inLanguage\":\"de\"}]}<\/script>\n<!-- \/ Yoast SEO plugin. -->","yoast_head_json":{"title":"Schwimmen Vereinsinfos - Schwimmen","robots":{"index":"index","follow":"follow","max-snippet":"max-snippet:-1","max-image-preview":"max-image-preview:large","max-video-preview":"max-video-preview:-1"},"canonical":"https:\/\/www.linzag-sport.at\/schwimmen\/vereinsinfos\/","og_locale":"de_DE","og_type":"article","og_title":"Schwimmen Vereinsinfos - Schwimmen","og_description":"Men\u00fc Vereinsinfos LINZ AG SPORT &#8211; Sektion Schwimmen Gr\u00fcndungsjahr: 1955 Mitglieder: 115 76 aktive SchwimmerInnen (Jugend) 12 MastersschwimmerInnen 11 TrainerInnen \u00a0 3 Funktion\u00e4re ohne Trainert\u00e4tigkeit 13 unterst\u00fctzende Mitglieder Kontakt:linzag.sport.schwimmen (at) gmail.com Trainingsgruppen Unser Schwimmverein besteht aus 5 unterschiedlichen (Leistungs-)Gruppen sowie einer Mastersmannschaft. Lehrschwimmbecken: In zwei aufeinander aufbauenden Gruppen lernen die Kinder prim\u00e4r die drei Schwimmarten Kraul, R\u00fccken und Brust sowie Grundkenntnisse in Delphin. Sportbecken: Eine \u00dcbergangsgruppe und eine Wettkampfmannschaft. Hier werden die 4 Schwimmarten mit dazugeh\u00f6rigen Wenden und Starts wettkampfgerecht erlernt. Weiters werden Ausdauer, Kraft, Schnelligkeit und Koordination trainiert. Mastersmannschaft: [&hellip;]","og_url":"https:\/\/www.linzag-sport.at\/schwimmen\/vereinsinfos\/","og_site_name":"Schwimmen","article_modified_time":"2025-10-31T09:35:02+00:00","twitter_card":"summary_large_image","twitter_misc":{"Gesch\u00e4tzte Lesezeit":"1\u00a0Minute"},"schema":{"@context":"https:\/\/schema.org","@graph":[{"@type":"WebPage","@id":"https:\/\/www.linzag-sport.at\/schwimmen\/vereinsinfos\/","url":"https:\/\/www.linzag-sport.at\/schwimmen\/vereinsinfos\/","name":"Schwimmen Vereinsinfos - Schwimmen","isPartOf":{"@id":"https:\/\/www.linzag-sport.at\/schwimmen\/#website"},"datePublished":"2024-10-17T07:23:12+00:00","dateModified":"2025-10-31T09:35:02+00:00","breadcrumb":{"@id":"https:\/\/www.linzag-sport.at\/schwimmen\/vereinsinfos\/#breadcrumb"},"inLanguage":"de","potentialAction":[{"@type":"ReadAction","target":["https:\/\/www.linzag-sport.at\/schwimmen\/vereinsinfos\/"]}]},{"@type":"BreadcrumbList","@id":"https:\/\/www.linzag-sport.at\/schwimmen\/vereinsinfos\/#breadcrumb","itemListElement":[{"@type":"ListItem","position":1,"name":"Startseite","item":"https:\/\/www.linzag-sport.at\/schwimmen\/"},{"@type":"ListItem","position":2,"name":"Schwimmen Vereinsinfos"}]},{"@type":"WebSite","@id":"https:\/\/www.linzag-sport.at\/schwimmen\/#website","url":"https:\/\/www.linzag-sport.at\/schwimmen\/","name":"Schwimmen","description":"","potentialAction":[{"@type":"SearchAction","target":{"@type":"EntryPoint","urlTemplate":"https:\/\/www.linzag-sport.at\/schwimmen\/?s={search_term_string}"},"query-input":{"@type":"PropertyValueSpecification","valueRequired":true,"valueName":"search_term_string"}}],"inLanguage":"de"}]}},"ticketed":false,"_links":{"self":[{"href":"https:\/\/www.linzag-sport.at\/schwimmen\/wp-json\/wp\/v2\/pages\/15045","targetHints":{"allow":["GET"]}}],"collection":[{"href":"https:\/\/www.linzag-sport.at\/schwimmen\/wp-json\/wp\/v2\/pages"}],"about":[{"href":"https:\/\/www.linzag-sport.at\/schwimmen\/wp-json\/wp\/v2\/types\/page"}],"author":[{"embeddable":true,"href":"https:\/\/www.linzag-sport.at\/schwimmen\/wp-json\/wp\/v2\/users\/1"}],"replies":[{"embeddable":true,"href":"https:\/\/www.linzag-sport.at\/schwimmen\/wp-json\/wp\/v2\/comments?post=15045"}],"version-history":[{"count":3,"href":"https:\/\/www.linzag-sport.at\/schwimmen\/wp-json\/wp\/v2\/pages\/15045\/revisions"}],"predecessor-version":[{"id":20271,"href":"https:\/\/www.linzag-sport.at\/schwimmen\/wp-json\/wp\/v2\/pages\/15045\/revisions\/20271"}],"wp:attachment":[{"href":"https:\/\/www.linzag-sport.at\/schwimmen\/wp-json\/wp\/v2\/media?parent=15045"}],"curies":[{"name":"wp","href":"https:\/\/api.w.org\/{rel}","templated":true}]}}