{"id":7616,"date":"2023-11-27T12:42:55","date_gmt":"2023-11-27T11:42:55","guid":{"rendered":"https:\/\/www.linzag-sport.at\/bogensport-multisite\/?page_id=7616"},"modified":"2024-11-25T12:41:37","modified_gmt":"2024-11-25T11:41:37","slug":"blog","status":"publish","type":"page","link":"https:\/\/www.linzag-sport.at\/bogensport\/blog\/","title":{"rendered":"Aktuelles"},"content":{"rendered":"\t\t<div data-elementor-type=\"wp-page\" data-elementor-id=\"7616\" class=\"elementor elementor-7616\" data-elementor-post-type=\"page\">\n\t\t\t\t<div class=\"elementor-element elementor-element-49dc823 e-con-full blog-page-list e-flex e-con e-parent\" data-id=\"49dc823\" data-element_type=\"container\">\n\t\t<div class=\"elementor-element elementor-element-57f050a e-con-full e-flex e-con e-child\" data-id=\"57f050a\" data-element_type=\"container\">\n\t\t\t\t<div class=\"elementor-element elementor-element-17ed157 elementor-widget elementor-widget-qodef_blog_list\" data-id=\"17ed157\" data-element_type=\"widget\" data-widget_type=\"qodef_blog_list.default\">\n\t\t\t\t<div class=\"elementor-widget-container\">\n\t\t\t\t\t<div class=\"qodef-blog-list-holder qodef-bl-standard  qodef-bl-two-columns qodef-normal-space qodef-bl-pag-no-pagination\"  data-type=standard data-number-of-columns=2 data-space-between-items=normal data-orderby=date data-order=DESC data-image-size=full data-title-tag=h4 data-post-info-section=yes data-post-info-image=yes data-post-info-author=no data-post-info-date=yes data-post-info-category=no data-post-info-comments=no data-post-info-like=no data-post-info-share=no data-pagination-type=no-pagination data-box-shadow=no data-max-num-pages=0 data-next-page=2>\n\t<div class=\"qodef-bl-wrapper qodef-outer-space\">\n\t\t<ul class=\"qodef-blog-list\">\n\t\t\t<p class=\"qodef-blog-no-posts\">Sorry, no posts matched your criteria.<\/p>\t\t<\/ul>\n\t<\/div>\n\t<\/div>\t\t\t\t<\/div>\n\t\t\t\t<\/div>\n\t\t\t\t<\/div>\n\t\t<div class=\"elementor-element elementor-element-4d06adc e-con-full info common-sidebar e-flex e-con e-child\" data-id=\"4d06adc\" data-element_type=\"container\" data-settings=\"{&quot;background_background&quot;:&quot;classic&quot;}\">\n\t\t\t\t<div class=\"elementor-element elementor-element-dec37ac elementor-widget elementor-widget-qodef_section_title\" data-id=\"dec37ac\" data-element_type=\"widget\" data-widget_type=\"qodef_section_title.default\">\n\t\t\t\t<div class=\"elementor-widget-container\">\n\t\t\t\t\t<div class=\"qodef-section-title-holder   \" >\n\t<div class=\"qodef-st-inner\">\n\t\t\t\t\t<h3 class=\"qodef-st-title\" >\n\t\t\t\tKategorien\t\t\t<\/h3>\n\t\t        \t\t\t<\/div>\n<\/div>\t\t\t\t<\/div>\n\t\t\t\t<\/div>\n\t\t\t\t<div class=\"elementor-element elementor-element-fc59d61 elementor-nav-menu--dropdown-tablet elementor-nav-menu__text-align-aside elementor-nav-menu--toggle elementor-nav-menu--burger elementor-widget elementor-widget-nav-menu\" data-id=\"fc59d61\" data-element_type=\"widget\" data-settings=\"{&quot;layout&quot;:&quot;vertical&quot;,&quot;submenu_icon&quot;:{&quot;value&quot;:&quot;&lt;svg class=\\&quot;e-font-icon-svg e-fas-caret-down\\&quot; viewBox=\\&quot;0 0 320 512\\&quot; xmlns=\\&quot;http:\\\/\\\/www.w3.org\\\/2000\\\/svg\\&quot;&gt;&lt;path d=\\&quot;M31.3 192h257.3c17.8 0 26.7 21.5 14.1 34.1L174.1 354.8c-7.8 7.8-20.5 7.8-28.3 0L17.2 226.1C4.6 213.5 13.5 192 31.3 192z\\&quot;&gt;&lt;\\\/path&gt;&lt;\\\/svg&gt;&quot;,&quot;library&quot;:&quot;fa-solid&quot;},&quot;toggle&quot;:&quot;burger&quot;}\" data-widget_type=\"nav-menu.default\">\n\t\t\t\t<div class=\"elementor-widget-container\">\n\t\t\t\t\t\t\t\t<nav aria-label=\"Men\u00fc\" class=\"elementor-nav-menu--main elementor-nav-menu__container elementor-nav-menu--layout-vertical e--pointer-underline e--animation-fade\">\n\t\t\t\t<ul id=\"menu-1-fc59d61\" class=\"elementor-nav-menu sm-vertical\"><li class=\"menu-item menu-item-type-taxonomy menu-item-object-category menu-item-7724\"><a href=\"https:\/\/www.linzag-sport.at\/bogensport\/blog\/category\/allgemein\/\" class=\"elementor-item\">Allgemein<\/a><\/li>\n<li class=\"menu-item menu-item-type-taxonomy menu-item-object-category menu-item-7742\"><a href=\"https:\/\/www.linzag-sport.at\/bogensport\/blog\/category\/veranstaltungen\/\" class=\"elementor-item\">Veranstaltungen<\/a><\/li>\n<li class=\"menu-item menu-item-type-taxonomy menu-item-object-category menu-item-17904\"><a href=\"https:\/\/www.linzag-sport.at\/bogensport\/blog\/category\/bergaction\/\" class=\"elementor-item\">Berg &amp; Action<\/a><\/li>\n<li class=\"menu-item menu-item-type-taxonomy menu-item-object-category menu-item-7743\"><a href=\"https:\/\/www.linzag-sport.at\/bogensport\/blog\/category\/laufen\/\" class=\"elementor-item\">Laufen<\/a><\/li>\n<li class=\"menu-item menu-item-type-taxonomy menu-item-object-category menu-item-7744\"><a href=\"https:\/\/www.linzag-sport.at\/bogensport\/blog\/category\/schi\/\" class=\"elementor-item\">Schi<\/a><\/li>\n<li class=\"menu-item menu-item-type-taxonomy menu-item-object-category menu-item-8530\"><a href=\"https:\/\/www.linzag-sport.at\/bogensport\/blog\/category\/schwimmen\/\" class=\"elementor-item\">Schwimmen<\/a><\/li>\n<\/ul>\t\t\t<\/nav>\n\t\t\t\t\t<div class=\"elementor-menu-toggle\" role=\"button\" tabindex=\"0\" aria-label=\"Men\u00fc Umschalter\" aria-expanded=\"false\">\n\t\t\t<svg aria-hidden=\"true\" role=\"presentation\" class=\"elementor-menu-toggle__icon--open e-font-icon-svg e-eicon-menu-bar\" viewBox=\"0 0 1000 1000\" xmlns=\"http:\/\/www.w3.org\/2000\/svg\"><path d=\"M104 333H896C929 333 958 304 958 271S929 208 896 208H104C71 208 42 237 42 271S71 333 104 333ZM104 583H896C929 583 958 554 958 521S929 458 896 458H104C71 458 42 487 42 521S71 583 104 583ZM104 833H896C929 833 958 804 958 771S929 708 896 708H104C71 708 42 737 42 771S71 833 104 833Z\"><\/path><\/svg><svg aria-hidden=\"true\" role=\"presentation\" class=\"elementor-menu-toggle__icon--close e-font-icon-svg e-eicon-close\" viewBox=\"0 0 1000 1000\" xmlns=\"http:\/\/www.w3.org\/2000\/svg\"><path d=\"M742 167L500 408 258 167C246 154 233 150 217 150 196 150 179 158 167 167 154 179 150 196 150 212 150 229 154 242 171 254L408 500 167 742C138 771 138 800 167 829 196 858 225 858 254 829L496 587 738 829C750 842 767 846 783 846 800 846 817 842 829 829 842 817 846 804 846 783 846 767 842 750 829 737L588 500 833 258C863 229 863 200 833 171 804 137 775 137 742 167Z\"><\/path><\/svg>\t\t<\/div>\n\t\t\t\t\t<nav class=\"elementor-nav-menu--dropdown elementor-nav-menu__container\" aria-hidden=\"true\">\n\t\t\t\t<ul id=\"menu-2-fc59d61\" class=\"elementor-nav-menu sm-vertical\"><li class=\"menu-item menu-item-type-taxonomy menu-item-object-category menu-item-7724\"><a href=\"https:\/\/www.linzag-sport.at\/bogensport\/blog\/category\/allgemein\/\" class=\"elementor-item\" tabindex=\"-1\">Allgemein<\/a><\/li>\n<li class=\"menu-item menu-item-type-taxonomy menu-item-object-category menu-item-7742\"><a href=\"https:\/\/www.linzag-sport.at\/bogensport\/blog\/category\/veranstaltungen\/\" class=\"elementor-item\" tabindex=\"-1\">Veranstaltungen<\/a><\/li>\n<li class=\"menu-item menu-item-type-taxonomy menu-item-object-category menu-item-17904\"><a href=\"https:\/\/www.linzag-sport.at\/bogensport\/blog\/category\/bergaction\/\" class=\"elementor-item\" tabindex=\"-1\">Berg &amp; Action<\/a><\/li>\n<li class=\"menu-item menu-item-type-taxonomy menu-item-object-category menu-item-7743\"><a href=\"https:\/\/www.linzag-sport.at\/bogensport\/blog\/category\/laufen\/\" class=\"elementor-item\" tabindex=\"-1\">Laufen<\/a><\/li>\n<li class=\"menu-item menu-item-type-taxonomy menu-item-object-category menu-item-7744\"><a href=\"https:\/\/www.linzag-sport.at\/bogensport\/blog\/category\/schi\/\" class=\"elementor-item\" tabindex=\"-1\">Schi<\/a><\/li>\n<li class=\"menu-item menu-item-type-taxonomy menu-item-object-category menu-item-8530\"><a href=\"https:\/\/www.linzag-sport.at\/bogensport\/blog\/category\/schwimmen\/\" class=\"elementor-item\" tabindex=\"-1\">Schwimmen<\/a><\/li>\n<\/ul>\t\t\t<\/nav>\n\t\t\t\t\t\t<\/div>\n\t\t\t\t<\/div>\n\t\t\t\t<\/div>\n\t\t\t\t<\/div>\n\t\t\t\t<\/div>\n\t\t","protected":false},"excerpt":{"rendered":"<p>20. November 2024 HYPO-Silvesterlauf Linz 2024 Er geh\u00f6rt zu Linz wie die Donau &#8211; der Silvesterlauf! Seit vielen Jahr der traditionelle Jahresabschluss und der gr\u00f6\u00dfte Volkslauf ins neue Jahr in O\u00d6. mehr lesen 12. November 2024 Anton Bruckner Lauf 2024 Vereinsmeisterscahft 2024 mehr lesen 5. November 2024 Linz 25 Donautrail 2025 LINZ100, LINZ75, LINZ55, LINZ35, LINZ22, LINZ12 (nur f\u00fcr Wanderer) \u2013 da ist sicherlich f\u00fcr jeden etwas dabei! Strecken und H\u00f6henprofile findest Du unter https:\/\/donautrail.at\/ mehr lesen 17. Oktober 2024 46. Vereinsmeisterschaft 46. Vereinsmeisterschaft Am 21.&nbsp;September fand die 46. Vereinsmeisterschaft [&hellip;]<\/p>\n","protected":false},"author":1,"featured_media":0,"parent":0,"menu_order":0,"comment_status":"closed","ping_status":"closed","template":"","meta":{"_acf_changed":false,"_price":"","_stock":"","_tribe_ticket_header":"","_tribe_default_ticket_provider":"","_tribe_ticket_capacity":"0","_ticket_start_date":"","_ticket_end_date":"","_tribe_ticket_show_description":"","_tribe_ticket_show_not_going":false,"_tribe_ticket_use_global_stock":"","_tribe_ticket_global_stock_level":"","_global_stock_mode":"","_global_stock_cap":"","_tribe_rsvp_for_event":"","_tribe_ticket_going_count":"","_tribe_ticket_not_going_count":"","_tribe_tickets_list":"[]","_tribe_ticket_has_attendee_info_fields":false,"footnotes":"","_tec_slr_enabled":"","_tec_slr_layout":""},"class_list":["post-7616","page","type-page","status-publish","hentry"],"acf":[],"yoast_head":"<!-- This site is optimized with the Yoast SEO plugin v25.1 - https:\/\/yoast.com\/wordpress\/plugins\/seo\/ -->\n<title>Aktuelles - Bogensport<\/title>\n<meta name=\"robots\" content=\"index, follow, max-snippet:-1, max-image-preview:large, max-video-preview:-1\" \/>\n<link rel=\"canonical\" href=\"https:\/\/www.linzag-sport.at\/bogensport\/blog\/\" \/>\n<meta property=\"og:locale\" content=\"de_DE\" \/>\n<meta property=\"og:type\" content=\"article\" \/>\n<meta property=\"og:title\" content=\"Aktuelles - Bogensport\" \/>\n<meta property=\"og:description\" content=\"20. November 2024 HYPO-Silvesterlauf Linz 2024 Er geh\u00f6rt zu Linz wie die Donau &#8211; der Silvesterlauf! Seit vielen Jahr der traditionelle Jahresabschluss und der gr\u00f6\u00dfte Volkslauf ins neue Jahr in O\u00d6. mehr lesen 12. November 2024 Anton Bruckner Lauf 2024 Vereinsmeisterscahft 2024 mehr lesen 5. November 2024 Linz 25 Donautrail 2025 LINZ100, LINZ75, LINZ55, LINZ35, LINZ22, LINZ12 (nur f\u00fcr Wanderer) \u2013 da ist sicherlich f\u00fcr jeden etwas dabei! Strecken und H\u00f6henprofile findest Du unter https:\/\/donautrail.at\/ mehr lesen 17. Oktober 2024 46. Vereinsmeisterschaft 46. Vereinsmeisterschaft Am 21.&nbsp;September fand die 46. Vereinsmeisterschaft [&hellip;]\" \/>\n<meta property=\"og:url\" content=\"https:\/\/www.linzag-sport.at\/bogensport\/blog\/\" \/>\n<meta property=\"og:site_name\" content=\"Bogensport\" \/>\n<meta property=\"article:modified_time\" content=\"2024-11-25T11:41:37+00:00\" \/>\n<meta property=\"og:image\" content=\"https:\/\/www.linzag-sport.at\/bogensport-multisite\/wp-content\/uploads\/sites\/4\/2024\/11\/9578-logo-2660893998.png\" \/>\n<meta name=\"twitter:card\" content=\"summary_large_image\" \/>\n<meta name=\"twitter:label1\" content=\"Gesch\u00e4tzte Lesezeit\" \/>\n\t<meta name=\"twitter:data1\" content=\"6\u00a0Minuten\" \/>\n<script type=\"application\/ld+json\" class=\"yoast-schema-graph\">{\"@context\":\"https:\/\/schema.org\",\"@graph\":[{\"@type\":\"WebPage\",\"@id\":\"https:\/\/www.linzag-sport.at\/bogensport\/blog\/\",\"url\":\"https:\/\/www.linzag-sport.at\/bogensport\/blog\/\",\"name\":\"Aktuelles - Bogensport\",\"isPartOf\":{\"@id\":\"https:\/\/www.linzag-sport.at\/bogensport\/#website\"},\"primaryImageOfPage\":{\"@id\":\"https:\/\/www.linzag-sport.at\/bogensport\/blog\/#primaryimage\"},\"image\":{\"@id\":\"https:\/\/www.linzag-sport.at\/bogensport\/blog\/#primaryimage\"},\"thumbnailUrl\":\"https:\/\/www.linzag-sport.at\/bogensport-multisite\/wp-content\/uploads\/sites\/4\/2024\/11\/9578-logo-2660893998.png\",\"datePublished\":\"2023-11-27T11:42:55+00:00\",\"dateModified\":\"2024-11-25T11:41:37+00:00\",\"breadcrumb\":{\"@id\":\"https:\/\/www.linzag-sport.at\/bogensport\/blog\/#breadcrumb\"},\"inLanguage\":\"de\",\"potentialAction\":[{\"@type\":\"ReadAction\",\"target\":[\"https:\/\/www.linzag-sport.at\/bogensport\/blog\/\"]}]},{\"@type\":\"ImageObject\",\"inLanguage\":\"de\",\"@id\":\"https:\/\/www.linzag-sport.at\/bogensport\/blog\/#primaryimage\",\"url\":\"\",\"contentUrl\":\"\"},{\"@type\":\"BreadcrumbList\",\"@id\":\"https:\/\/www.linzag-sport.at\/bogensport\/blog\/#breadcrumb\",\"itemListElement\":[{\"@type\":\"ListItem\",\"position\":1,\"name\":\"Startseite\",\"item\":\"https:\/\/www.linzag-sport.at\/bogensport\/\"},{\"@type\":\"ListItem\",\"position\":2,\"name\":\"Aktuelles\"}]},{\"@type\":\"WebSite\",\"@id\":\"https:\/\/www.linzag-sport.at\/bogensport\/#website\",\"url\":\"https:\/\/www.linzag-sport.at\/bogensport\/\",\"name\":\"Bogensport\",\"description\":\"\",\"potentialAction\":[{\"@type\":\"SearchAction\",\"target\":{\"@type\":\"EntryPoint\",\"urlTemplate\":\"https:\/\/www.linzag-sport.at\/bogensport\/?s={search_term_string}\"},\"query-input\":{\"@type\":\"PropertyValueSpecification\",\"valueRequired\":true,\"valueName\":\"search_term_string\"}}],\"inLanguage\":\"de\"}]}<\/script>\n<!-- \/ Yoast SEO plugin. -->","yoast_head_json":{"title":"Aktuelles - Bogensport","robots":{"index":"index","follow":"follow","max-snippet":"max-snippet:-1","max-image-preview":"max-image-preview:large","max-video-preview":"max-video-preview:-1"},"canonical":"https:\/\/www.linzag-sport.at\/bogensport\/blog\/","og_locale":"de_DE","og_type":"article","og_title":"Aktuelles - Bogensport","og_description":"20. November 2024 HYPO-Silvesterlauf Linz 2024 Er geh\u00f6rt zu Linz wie die Donau &#8211; der Silvesterlauf! Seit vielen Jahr der traditionelle Jahresabschluss und der gr\u00f6\u00dfte Volkslauf ins neue Jahr in O\u00d6. mehr lesen 12. November 2024 Anton Bruckner Lauf 2024 Vereinsmeisterscahft 2024 mehr lesen 5. November 2024 Linz 25 Donautrail 2025 LINZ100, LINZ75, LINZ55, LINZ35, LINZ22, LINZ12 (nur f\u00fcr Wanderer) \u2013 da ist sicherlich f\u00fcr jeden etwas dabei! Strecken und H\u00f6henprofile findest Du unter https:\/\/donautrail.at\/ mehr lesen 17. Oktober 2024 46. Vereinsmeisterschaft 46. Vereinsmeisterschaft Am 21.&nbsp;September fand die 46. Vereinsmeisterschaft [&hellip;]","og_url":"https:\/\/www.linzag-sport.at\/bogensport\/blog\/","og_site_name":"Bogensport","article_modified_time":"2024-11-25T11:41:37+00:00","og_image":[{"url":"https:\/\/www.linzag-sport.at\/bogensport-multisite\/wp-content\/uploads\/sites\/4\/2024\/11\/9578-logo-2660893998.png","type":"","width":"","height":""}],"twitter_card":"summary_large_image","twitter_misc":{"Gesch\u00e4tzte Lesezeit":"6\u00a0Minuten"},"schema":{"@context":"https:\/\/schema.org","@graph":[{"@type":"WebPage","@id":"https:\/\/www.linzag-sport.at\/bogensport\/blog\/","url":"https:\/\/www.linzag-sport.at\/bogensport\/blog\/","name":"Aktuelles - Bogensport","isPartOf":{"@id":"https:\/\/www.linzag-sport.at\/bogensport\/#website"},"primaryImageOfPage":{"@id":"https:\/\/www.linzag-sport.at\/bogensport\/blog\/#primaryimage"},"image":{"@id":"https:\/\/www.linzag-sport.at\/bogensport\/blog\/#primaryimage"},"thumbnailUrl":"https:\/\/www.linzag-sport.at\/bogensport-multisite\/wp-content\/uploads\/sites\/4\/2024\/11\/9578-logo-2660893998.png","datePublished":"2023-11-27T11:42:55+00:00","dateModified":"2024-11-25T11:41:37+00:00","breadcrumb":{"@id":"https:\/\/www.linzag-sport.at\/bogensport\/blog\/#breadcrumb"},"inLanguage":"de","potentialAction":[{"@type":"ReadAction","target":["https:\/\/www.linzag-sport.at\/bogensport\/blog\/"]}]},{"@type":"ImageObject","inLanguage":"de","@id":"https:\/\/www.linzag-sport.at\/bogensport\/blog\/#primaryimage","url":"","contentUrl":""},{"@type":"BreadcrumbList","@id":"https:\/\/www.linzag-sport.at\/bogensport\/blog\/#breadcrumb","itemListElement":[{"@type":"ListItem","position":1,"name":"Startseite","item":"https:\/\/www.linzag-sport.at\/bogensport\/"},{"@type":"ListItem","position":2,"name":"Aktuelles"}]},{"@type":"WebSite","@id":"https:\/\/www.linzag-sport.at\/bogensport\/#website","url":"https:\/\/www.linzag-sport.at\/bogensport\/","name":"Bogensport","description":"","potentialAction":[{"@type":"SearchAction","target":{"@type":"EntryPoint","urlTemplate":"https:\/\/www.linzag-sport.at\/bogensport\/?s={search_term_string}"},"query-input":{"@type":"PropertyValueSpecification","valueRequired":true,"valueName":"search_term_string"}}],"inLanguage":"de"}]}},"ticketed":false,"_links":{"self":[{"href":"https:\/\/www.linzag-sport.at\/bogensport\/wp-json\/wp\/v2\/pages\/7616","targetHints":{"allow":["GET"]}}],"collection":[{"href":"https:\/\/www.linzag-sport.at\/bogensport\/wp-json\/wp\/v2\/pages"}],"about":[{"href":"https:\/\/www.linzag-sport.at\/bogensport\/wp-json\/wp\/v2\/types\/page"}],"author":[{"embeddable":true,"href":"https:\/\/www.linzag-sport.at\/bogensport\/wp-json\/wp\/v2\/users\/1"}],"replies":[{"embeddable":true,"href":"https:\/\/www.linzag-sport.at\/bogensport\/wp-json\/wp\/v2\/comments?post=7616"}],"version-history":[{"count":0,"href":"https:\/\/www.linzag-sport.at\/bogensport\/wp-json\/wp\/v2\/pages\/7616\/revisions"}],"wp:attachment":[{"href":"https:\/\/www.linzag-sport.at\/bogensport\/wp-json\/wp\/v2\/media?parent=7616"}],"curies":[{"name":"wp","href":"https:\/\/api.w.org\/{rel}","templated":true}]}}